{"id":4,"date":"2016-07-27T18:30:47","date_gmt":"2016-07-27T16:30:47","guid":{"rendered":"http:\/\/ortsgemeinschaft-grossdeinbach.de\/?page_id=4"},"modified":"2024-03-18T23:04:03","modified_gmt":"2024-03-18T21:04:03","slug":"herzlich-willkommen","status":"publish","type":"page","link":"https:\/\/ortsgemeinschaft-grossdeinbach.de\/","title":{"rendered":"Die Ortsgemeinschaft Gro\u00dfdeinbach e.V."},"content":{"rendered":"<div>Aus einem losen Netzwerk engagierter B\u00fcrger, die sich f\u00fcr den Erhalt und die Aufwertung der Ortsmitte durch Sanierung des historischen Schulhauses und Einrichtung eines Dorfladens einsetzen wollten, gr\u00fcndete sich im Juli 2010 der Verein \u201eOrtsgemeinschaft Gro\u00dfdeinbach\u201c. Bereits kurz nach der Gr\u00fcndung z\u00e4hlte die Ortsgemeinschaft \u00fcber einhundert Mitglieder.<\/p>\n<\/div>\n<div>Der Sinn und Zweck unserer noch jungen Ortsgemeinschaft geht jedoch \u00fcber die Erhaltung eines Ortszentrums hinaus. Beispiele vieler anderer Dorfgemeinschaften zeigen: Ein starker Ortsverein kann die Interessen der B\u00fcrger vertreten und Entscheidungen von Verwaltungen und Ratsversammlungen zum Wohle des Ortes beeinflussen.<\/p>\n<\/div>\n<div>Wir wollen, dass sich die Menschen in Gro\u00dfdeinbach wohlf\u00fchlen. Deshalb engagieren wir uns gemeinsam f\u00fcr eine Verbesserung der Lebensqualit\u00e4t durch Ortsgestaltung und Erweiterung sozialer und kultureller Angebote.<\/p>\n<\/div>\n<div>Die Ortsgemeinschaft Gro\u00dfdeinbach e.V. ist auf Ihre Hilfe angewiesen. Nur durch die Mitarbeit und Unterst\u00fctzung seiner Bewohnerinnen und Bewohner bleibt Gro\u00dfdeinbach auch in Zukunft f\u00fcr Jung und Alt ein liebenswerter Ort mit hoher Lebensqualit\u00e4t.<\/div>\n<p>&nbsp;<\/p>\n","protected":false},"excerpt":{"rendered":"<p>Aus einem losen Netzwerk engagierter B\u00fcrger, die sich f\u00fcr den Erhalt und die Aufwertung der Ortsmitte durch Sanierung des historischen Schulhauses und Einrichtung eines Dorfladens einsetzen wollten, gr\u00fcndete sich im Juli 2010 der Verein \u201eOrtsgemeinschaft Gro\u00dfdeinbach\u201c. Bereits kurz nach der &hellip; <a href=\"https:\/\/ortsgemeinschaft-grossdeinbach.de\/\">Weiterlesen <span class=\"meta-nav\">&rarr;<\/span><\/a><\/p>\n","protected":false},"author":1,"featured_media":0,"parent":0,"menu_order":0,"comment_status":"closed","ping_status":"closed","template":"sidebar-page.php","meta":{"jetpack_post_was_ever_published":false,"footnotes":""},"class_list":["post-4","page","type-page","status-publish","hentry"],"jetpack_sharing_enabled":true,"jetpack_shortlink":"https:\/\/wp.me\/P7OMpQ-4","jetpack-related-posts":[],"_links":{"self":[{"href":"https:\/\/ortsgemeinschaft-grossdeinbach.de\/index.php?rest_route=\/wp\/v2\/pages\/4","targetHints":{"allow":["GET"]}}],"collection":[{"href":"https:\/\/ortsgemeinschaft-grossdeinbach.de\/index.php?rest_route=\/wp\/v2\/pages"}],"about":[{"href":"https:\/\/ortsgemeinschaft-grossdeinbach.de\/index.php?rest_route=\/wp\/v2\/types\/page"}],"author":[{"embeddable":true,"href":"https:\/\/ortsgemeinschaft-grossdeinbach.de\/index.php?rest_route=\/wp\/v2\/users\/1"}],"replies":[{"embeddable":true,"href":"https:\/\/ortsgemeinschaft-grossdeinbach.de\/index.php?rest_route=%2Fwp%2Fv2%2Fcomments&post=4"}],"version-history":[{"count":5,"href":"https:\/\/ortsgemeinschaft-grossdeinbach.de\/index.php?rest_route=\/wp\/v2\/pages\/4\/revisions"}],"predecessor-version":[{"id":109,"href":"https:\/\/ortsgemeinschaft-grossdeinbach.de\/index.php?rest_route=\/wp\/v2\/pages\/4\/revisions\/109"}],"wp:attachment":[{"href":"https:\/\/ortsgemeinschaft-grossdeinbach.de\/index.php?rest_route=%2Fwp%2Fv2%2Fmedia&parent=4"}],"curies":[{"name":"wp","href":"https:\/\/api.w.org\/{rel}","templated":true}]}}